{"id":5197,"date":"2025-02-21T19:16:39","date_gmt":"2025-02-21T17:16:39","guid":{"rendered":"http:\/\/smartandplay.com\/product\/kukainu-petisanas-trauks\/"},"modified":"2025-04-11T17:37:09","modified_gmt":"2025-04-11T14:37:09","slug":"kukainu-petisanas-trauks","status":"publish","type":"product","link":"https:\/\/smartandplay.com\/ru\/product\/kukainu-petisanas-trauks\/","title":{"rendered":"\u0411\u0430\u043d\u043e\u0447\u043a\u0430 \u0434\u043b\u044f \u0438\u0437\u0443\u0447\u0435\u043d\u0438\u044f \u043d\u0430\u0441\u0435\u043a\u043e\u043c\u044b\u0445"},"content":{"rendered":"","protected":false},"excerpt":{"rendered":"<p>Ventil\u0113jams trauks kukai\u0146u p\u0113t\u012b\u0161anai ar div\u0101m lup\u0101m ar 2 un 4 rei\u017eu palielin\u0101jumu.  Trauka izm\u0113rs: augstum\u0101 6,5 cm un diametr\u0101 7 cm.<\/p>\n","protected":false},"featured_media":3044,"comment_status":"open","ping_status":"closed","template":"","meta":{"_acf_changed":false},"product_brand":[],"product_cat":[81,87],"product_tag":[],"class_list":{"0":"post-5197","1":"product","2":"type-product","3":"status-publish","4":"has-post-thumbnail","6":"product_cat-safari-figurinas-ru","7":"product_cat-safariology","9":"first","10":"instock","11":"taxable","12":"shipping-taxable","13":"purchasable","14":"product-type-simple"},"acf":[],"yoast_head":"<!-- This site is optimized with the Yoast SEO plugin v26.5 - https:\/\/yoast.com\/wordpress\/plugins\/seo\/ -->\n<title>\u0411\u0430\u043d\u043e\u0447\u043a\u0430 \u0434\u043b\u044f \u0438\u0437\u0443\u0447\u0435\u043d\u0438\u044f \u043d\u0430\u0441\u0435\u043a\u043e\u043c\u044b\u0445 &#8226; Smartandplay.com<\/title>\n<meta name=\"robots\" content=\"index, follow, max-snippet:-1, max-image-preview:large, max-video-preview:-1\" \/>\n<link rel=\"canonical\" href=\"https:\/\/smartandplay.com\/ru\/product\/kukainu-petisanas-trauks\/\" \/>\n<meta property=\"og:locale\" content=\"ru_RU\" \/>\n<meta property=\"og:type\" content=\"article\" \/>\n<meta property=\"og:title\" content=\"\u0411\u0430\u043d\u043e\u0447\u043a\u0430 \u0434\u043b\u044f \u0438\u0437\u0443\u0447\u0435\u043d\u0438\u044f \u043d\u0430\u0441\u0435\u043a\u043e\u043c\u044b\u0445 &#8226; Smartandplay.com\" \/>\n<meta property=\"og:description\" content=\"Ventil\u0113jams trauks kukai\u0146u p\u0113t\u012b\u0161anai ar div\u0101m lup\u0101m ar 2 un 4 rei\u017eu palielin\u0101jumu. Trauka izm\u0113rs: augstum\u0101 6,5 cm un diametr\u0101 7 cm.\" \/>\n<meta property=\"og:url\" content=\"https:\/\/smartandplay.com\/ru\/product\/kukainu-petisanas-trauks\/\" \/>\n<meta property=\"og:site_name\" content=\"Smartandplay.com\" \/>\n<meta property=\"article:publisher\" content=\"https:\/\/www.facebook.com\/smartandplay\" \/>\n<meta property=\"article:modified_time\" content=\"2025-04-11T14:37:09+00:00\" \/>\n<meta property=\"og:image\" content=\"https:\/\/smartandplay.com\/wp-content\/uploads\/2025\/03\/SP621016.jpg\" \/>\n\t<meta property=\"og:image:width\" content=\"1600\" \/>\n\t<meta property=\"og:image:height\" content=\"1600\" \/>\n\t<meta property=\"og:image:type\" content=\"image\/jpeg\" \/>\n<meta name=\"twitter:card\" content=\"summary_large_image\" \/>\n<script type=\"application\/ld+json\" class=\"yoast-schema-graph\">{\"@context\":\"https:\/\/schema.org\",\"@graph\":[{\"@type\":\"WebPage\",\"@id\":\"https:\/\/smartandplay.com\/ru\/product\/kukainu-petisanas-trauks\/\",\"url\":\"https:\/\/smartandplay.com\/ru\/product\/kukainu-petisanas-trauks\/\",\"name\":\"\u0411\u0430\u043d\u043e\u0447\u043a\u0430 \u0434\u043b\u044f \u0438\u0437\u0443\u0447\u0435\u043d\u0438\u044f \u043d\u0430\u0441\u0435\u043a\u043e\u043c\u044b\u0445 &#8226; Smartandplay.com\",\"isPartOf\":{\"@id\":\"https:\/\/smartandplay.com\/ru\/#website\"},\"primaryImageOfPage\":{\"@id\":\"https:\/\/smartandplay.com\/ru\/product\/kukainu-petisanas-trauks\/#primaryimage\"},\"image\":{\"@id\":\"https:\/\/smartandplay.com\/ru\/product\/kukainu-petisanas-trauks\/#primaryimage\"},\"thumbnailUrl\":\"https:\/\/smartandplay.com\/wp-content\/uploads\/2025\/03\/SP621016.jpg\",\"datePublished\":\"2025-02-21T17:16:39+00:00\",\"dateModified\":\"2025-04-11T14:37:09+00:00\",\"breadcrumb\":{\"@id\":\"https:\/\/smartandplay.com\/ru\/product\/kukainu-petisanas-trauks\/#breadcrumb\"},\"inLanguage\":\"ru-RU\",\"potentialAction\":[{\"@type\":\"ReadAction\",\"target\":[\"https:\/\/smartandplay.com\/ru\/product\/kukainu-petisanas-trauks\/\"]}]},{\"@type\":\"ImageObject\",\"inLanguage\":\"ru-RU\",\"@id\":\"https:\/\/smartandplay.com\/ru\/product\/kukainu-petisanas-trauks\/#primaryimage\",\"url\":\"https:\/\/smartandplay.com\/wp-content\/uploads\/2025\/03\/SP621016.jpg\",\"contentUrl\":\"https:\/\/smartandplay.com\/wp-content\/uploads\/2025\/03\/SP621016.jpg\",\"width\":1600,\"height\":1600},{\"@type\":\"BreadcrumbList\",\"@id\":\"https:\/\/smartandplay.com\/ru\/product\/kukainu-petisanas-trauks\/#breadcrumb\",\"itemListElement\":[{\"@type\":\"ListItem\",\"position\":1,\"name\":\"\u0413\u043b\u0430\u0432\u043d\u0430\u044f\",\"item\":\"https:\/\/smartandplay.com\/ru\/\"},{\"@type\":\"ListItem\",\"position\":2,\"name\":\"\u041f\u0440\u043e\u0434\u0443\u043a\u0442\u044b\",\"item\":\"https:\/\/smartandplay.com\/produkti\/\"},{\"@type\":\"ListItem\",\"position\":3,\"name\":\"\u0411\u0430\u043d\u043e\u0447\u043a\u0430 \u0434\u043b\u044f \u0438\u0437\u0443\u0447\u0435\u043d\u0438\u044f \u043d\u0430\u0441\u0435\u043a\u043e\u043c\u044b\u0445\"}]},{\"@type\":\"WebSite\",\"@id\":\"https:\/\/smartandplay.com\/ru\/#website\",\"url\":\"https:\/\/smartandplay.com\/ru\/\",\"name\":\"Smartandplay.com\",\"description\":\"Kvalitat\u012bvi Montesori materi\u0101li\",\"publisher\":{\"@id\":\"https:\/\/smartandplay.com\/ru\/#organization\"},\"potentialAction\":[{\"@type\":\"SearchAction\",\"target\":{\"@type\":\"EntryPoint\",\"urlTemplate\":\"https:\/\/smartandplay.com\/ru\/?s={search_term_string}\"},\"query-input\":{\"@type\":\"PropertyValueSpecification\",\"valueRequired\":true,\"valueName\":\"search_term_string\"}}],\"inLanguage\":\"ru-RU\"},{\"@type\":\"Organization\",\"@id\":\"https:\/\/smartandplay.com\/ru\/#organization\",\"name\":\"Smartandplay.com\",\"url\":\"https:\/\/smartandplay.com\/ru\/\",\"logo\":{\"@type\":\"ImageObject\",\"inLanguage\":\"ru-RU\",\"@id\":\"https:\/\/smartandplay.com\/ru\/#\/schema\/logo\/image\/\",\"url\":\"https:\/\/smartandplay.com\/wp-content\/uploads\/2025\/05\/SP-logo-on-white-150-x-69-px.svg\",\"contentUrl\":\"https:\/\/smartandplay.com\/wp-content\/uploads\/2025\/05\/SP-logo-on-white-150-x-69-px.svg\",\"caption\":\"Smartandplay.com\"},\"image\":{\"@id\":\"https:\/\/smartandplay.com\/ru\/#\/schema\/logo\/image\/\"},\"sameAs\":[\"https:\/\/www.facebook.com\/smartandplay\"]}]}<\/script>\n<!-- \/ Yoast SEO plugin. -->","yoast_head_json":{"title":"\u0411\u0430\u043d\u043e\u0447\u043a\u0430 \u0434\u043b\u044f \u0438\u0437\u0443\u0447\u0435\u043d\u0438\u044f \u043d\u0430\u0441\u0435\u043a\u043e\u043c\u044b\u0445 &#8226; Smartandplay.com","robots":{"index":"index","follow":"follow","max-snippet":"max-snippet:-1","max-image-preview":"max-image-preview:large","max-video-preview":"max-video-preview:-1"},"canonical":"https:\/\/smartandplay.com\/ru\/product\/kukainu-petisanas-trauks\/","og_locale":"ru_RU","og_type":"article","og_title":"\u0411\u0430\u043d\u043e\u0447\u043a\u0430 \u0434\u043b\u044f \u0438\u0437\u0443\u0447\u0435\u043d\u0438\u044f \u043d\u0430\u0441\u0435\u043a\u043e\u043c\u044b\u0445 &#8226; Smartandplay.com","og_description":"Ventil\u0113jams trauks kukai\u0146u p\u0113t\u012b\u0161anai ar div\u0101m lup\u0101m ar 2 un 4 rei\u017eu palielin\u0101jumu. Trauka izm\u0113rs: augstum\u0101 6,5 cm un diametr\u0101 7 cm.","og_url":"https:\/\/smartandplay.com\/ru\/product\/kukainu-petisanas-trauks\/","og_site_name":"Smartandplay.com","article_publisher":"https:\/\/www.facebook.com\/smartandplay","article_modified_time":"2025-04-11T14:37:09+00:00","og_image":[{"width":1600,"height":1600,"url":"https:\/\/smartandplay.com\/wp-content\/uploads\/2025\/03\/SP621016.jpg","type":"image\/jpeg"}],"twitter_card":"summary_large_image","schema":{"@context":"https:\/\/schema.org","@graph":[{"@type":"WebPage","@id":"https:\/\/smartandplay.com\/ru\/product\/kukainu-petisanas-trauks\/","url":"https:\/\/smartandplay.com\/ru\/product\/kukainu-petisanas-trauks\/","name":"\u0411\u0430\u043d\u043e\u0447\u043a\u0430 \u0434\u043b\u044f \u0438\u0437\u0443\u0447\u0435\u043d\u0438\u044f \u043d\u0430\u0441\u0435\u043a\u043e\u043c\u044b\u0445 &#8226; Smartandplay.com","isPartOf":{"@id":"https:\/\/smartandplay.com\/ru\/#website"},"primaryImageOfPage":{"@id":"https:\/\/smartandplay.com\/ru\/product\/kukainu-petisanas-trauks\/#primaryimage"},"image":{"@id":"https:\/\/smartandplay.com\/ru\/product\/kukainu-petisanas-trauks\/#primaryimage"},"thumbnailUrl":"https:\/\/smartandplay.com\/wp-content\/uploads\/2025\/03\/SP621016.jpg","datePublished":"2025-02-21T17:16:39+00:00","dateModified":"2025-04-11T14:37:09+00:00","breadcrumb":{"@id":"https:\/\/smartandplay.com\/ru\/product\/kukainu-petisanas-trauks\/#breadcrumb"},"inLanguage":"ru-RU","potentialAction":[{"@type":"ReadAction","target":["https:\/\/smartandplay.com\/ru\/product\/kukainu-petisanas-trauks\/"]}]},{"@type":"ImageObject","inLanguage":"ru-RU","@id":"https:\/\/smartandplay.com\/ru\/product\/kukainu-petisanas-trauks\/#primaryimage","url":"https:\/\/smartandplay.com\/wp-content\/uploads\/2025\/03\/SP621016.jpg","contentUrl":"https:\/\/smartandplay.com\/wp-content\/uploads\/2025\/03\/SP621016.jpg","width":1600,"height":1600},{"@type":"BreadcrumbList","@id":"https:\/\/smartandplay.com\/ru\/product\/kukainu-petisanas-trauks\/#breadcrumb","itemListElement":[{"@type":"ListItem","position":1,"name":"\u0413\u043b\u0430\u0432\u043d\u0430\u044f","item":"https:\/\/smartandplay.com\/ru\/"},{"@type":"ListItem","position":2,"name":"\u041f\u0440\u043e\u0434\u0443\u043a\u0442\u044b","item":"https:\/\/smartandplay.com\/produkti\/"},{"@type":"ListItem","position":3,"name":"\u0411\u0430\u043d\u043e\u0447\u043a\u0430 \u0434\u043b\u044f \u0438\u0437\u0443\u0447\u0435\u043d\u0438\u044f \u043d\u0430\u0441\u0435\u043a\u043e\u043c\u044b\u0445"}]},{"@type":"WebSite","@id":"https:\/\/smartandplay.com\/ru\/#website","url":"https:\/\/smartandplay.com\/ru\/","name":"Smartandplay.com","description":"Kvalitat\u012bvi Montesori materi\u0101li","publisher":{"@id":"https:\/\/smartandplay.com\/ru\/#organization"},"potentialAction":[{"@type":"SearchAction","target":{"@type":"EntryPoint","urlTemplate":"https:\/\/smartandplay.com\/ru\/?s={search_term_string}"},"query-input":{"@type":"PropertyValueSpecification","valueRequired":true,"valueName":"search_term_string"}}],"inLanguage":"ru-RU"},{"@type":"Organization","@id":"https:\/\/smartandplay.com\/ru\/#organization","name":"Smartandplay.com","url":"https:\/\/smartandplay.com\/ru\/","logo":{"@type":"ImageObject","inLanguage":"ru-RU","@id":"https:\/\/smartandplay.com\/ru\/#\/schema\/logo\/image\/","url":"https:\/\/smartandplay.com\/wp-content\/uploads\/2025\/05\/SP-logo-on-white-150-x-69-px.svg","contentUrl":"https:\/\/smartandplay.com\/wp-content\/uploads\/2025\/05\/SP-logo-on-white-150-x-69-px.svg","caption":"Smartandplay.com"},"image":{"@id":"https:\/\/smartandplay.com\/ru\/#\/schema\/logo\/image\/"},"sameAs":["https:\/\/www.facebook.com\/smartandplay"]}]}},"_links":{"self":[{"href":"https:\/\/smartandplay.com\/ru\/wp-json\/wp\/v2\/product\/5197","targetHints":{"allow":["GET"]}}],"collection":[{"href":"https:\/\/smartandplay.com\/ru\/wp-json\/wp\/v2\/product"}],"about":[{"href":"https:\/\/smartandplay.com\/ru\/wp-json\/wp\/v2\/types\/product"}],"replies":[{"embeddable":true,"href":"https:\/\/smartandplay.com\/ru\/wp-json\/wp\/v2\/comments?post=5197"}],"wp:featuredmedia":[{"embeddable":true,"href":"https:\/\/smartandplay.com\/ru\/wp-json\/wp\/v2\/media\/3044"}],"wp:attachment":[{"href":"https:\/\/smartandplay.com\/ru\/wp-json\/wp\/v2\/media?parent=5197"}],"wp:term":[{"taxonomy":"product_brand","embeddable":true,"href":"https:\/\/smartandplay.com\/ru\/wp-json\/wp\/v2\/product_brand?post=5197"},{"taxonomy":"product_cat","embeddable":true,"href":"https:\/\/smartandplay.com\/ru\/wp-json\/wp\/v2\/product_cat?post=5197"},{"taxonomy":"product_tag","embeddable":true,"href":"https:\/\/smartandplay.com\/ru\/wp-json\/wp\/v2\/product_tag?post=5197"}],"curies":[{"name":"wp","href":"https:\/\/api.w.org\/{rel}","templated":true}]}}