{"id":5247,"date":"2025-02-21T19:16:33","date_gmt":"2025-02-21T17:16:33","guid":{"rendered":"http:\/\/smartandplay.com\/product\/ezelis\/"},"modified":"2025-04-11T17:37:14","modified_gmt":"2025-04-11T14:37:14","slug":"ezelis","status":"publish","type":"product","link":"https:\/\/smartandplay.com\/ru\/product\/ezelis\/","title":{"rendered":"\u041e\u0441\u0451\u043b"},"content":{"rendered":"<p><strong>Vai J\u016bs zin\u0101j\u0101t, ka&#8230;<\/strong><\/p>\n<p><strong>M\u0101jas \u0113zelis<\/strong> (Equus asinus) ir zirgu \u0123ints (Equus) \u0113ze\u013cu apak\u0161\u0123ints (Asinus) viena no sug\u0101m. Past\u0101v uzskats, ka tas ir c\u0113lies no \u0100frikas savva\u013cas \u0113ze\u013ca (Equus afracanus). Skarbo dz\u012bves apst\u0101k\u013cu ietekm\u0113 \u0113zelis izveidojies par \u013coti sp\u0113c\u012bgu un iztur\u012bgu dz\u012bvnieku, kas veic lielus att\u0101lumus, nesdams smagas kravas, turkl\u0101t pat\u0113r\u0113 maz bar\u012bbas un \u016bdens. Da\u017e\u0101d\u0101s \u0113ze\u013cu sugas sav\u0101 starp\u0101 var krustot, tom\u0113r t\u0101di p\u0113cn\u0101c\u0113ji ir neaugl\u012bgi. Popul\u0101rs ir zirga un m\u0101jas \u0113ze\u013ca hibr\u012bds, ko sauc par m\u016bli. M\u0101jas \u0113zelis tika pieradin\u0101ts apm\u0113ram 3 000 gadus pirms m\u016bsu \u0113ras \u0112\u0123ipt\u0113. Ir avoti, kuros min\u0113ts 6 000 g.p.m.\u0113. Katr\u0101 zi\u0146\u0101 tas ir noticis taj\u0101 pa\u0161\u0101 laik\u0101, kad tika pieradin\u0101ts zirgs. M\u0101jas \u0113zelis k\u013cuva popul\u0101rs k\u0101 darba dz\u012bvnieks un strauji izplat\u012bj\u0101s vis\u0101 pasaul\u0113. Ar\u012b m\u016bsu dien\u0101s \u0113zelis daudz\u0101s valst\u012bs nav zaud\u0113jis savu lomu saimnieciskaj\u0101 dz\u012bv\u0113 un to skaits turpina pieaugt.<\/p>\n<p>Avots: wikipedia.org<\/p>\n","protected":false},"excerpt":{"rendered":"<p>Izm\u0113rs 10 x 7 cm.<\/p>\n","protected":false},"featured_media":3020,"comment_status":"open","ping_status":"closed","template":"","meta":{"_acf_changed":false},"product_brand":[],"product_cat":[81,83],"product_tag":[],"class_list":{"0":"post-5247","1":"product","2":"type-product","3":"status-publish","4":"has-post-thumbnail","6":"product_cat-safari-figurinas-ru","7":"product_cat-fermas-dzivnieki-ru","9":"first","10":"instock","11":"taxable","12":"shipping-taxable","13":"purchasable","14":"product-type-simple"},"acf":[],"yoast_head":"<!-- This site is optimized with the Yoast SEO plugin v26.5 - https:\/\/yoast.com\/wordpress\/plugins\/seo\/ -->\n<title>\u041e\u0441\u0451\u043b &#8226; Smartandplay.com<\/title>\n<meta name=\"robots\" content=\"index, follow, max-snippet:-1, max-image-preview:large, max-video-preview:-1\" \/>\n<link rel=\"canonical\" href=\"https:\/\/smartandplay.com\/ru\/product\/ezelis\/\" \/>\n<meta property=\"og:locale\" content=\"ru_RU\" \/>\n<meta property=\"og:type\" content=\"article\" \/>\n<meta property=\"og:title\" content=\"\u041e\u0441\u0451\u043b &#8226; Smartandplay.com\" \/>\n<meta property=\"og:description\" content=\"Izm\u0113rs 10 x 7 cm.\" \/>\n<meta property=\"og:url\" content=\"https:\/\/smartandplay.com\/ru\/product\/ezelis\/\" \/>\n<meta property=\"og:site_name\" content=\"Smartandplay.com\" \/>\n<meta property=\"article:publisher\" content=\"https:\/\/www.facebook.com\/smartandplay\" \/>\n<meta property=\"article:modified_time\" content=\"2025-04-11T14:37:14+00:00\" \/>\n<meta property=\"og:image\" content=\"https:\/\/smartandplay.com\/wp-content\/uploads\/2025\/03\/SP249829.jpg\" \/>\n\t<meta property=\"og:image:width\" content=\"1600\" \/>\n\t<meta property=\"og:image:height\" content=\"1600\" \/>\n\t<meta property=\"og:image:type\" content=\"image\/jpeg\" \/>\n<meta name=\"twitter:card\" content=\"summary_large_image\" \/>\n<meta name=\"twitter:label1\" content=\"\u041f\u0440\u0438\u043c\u0435\u0440\u043d\u043e\u0435 \u0432\u0440\u0435\u043c\u044f \u0434\u043b\u044f \u0447\u0442\u0435\u043d\u0438\u044f\" \/>\n\t<meta name=\"twitter:data1\" content=\"1 \u043c\u0438\u043d\u0443\u0442\u0430\" \/>\n<script type=\"application\/ld+json\" class=\"yoast-schema-graph\">{\"@context\":\"https:\/\/schema.org\",\"@graph\":[{\"@type\":\"WebPage\",\"@id\":\"https:\/\/smartandplay.com\/ru\/product\/ezelis\/\",\"url\":\"https:\/\/smartandplay.com\/ru\/product\/ezelis\/\",\"name\":\"\u041e\u0441\u0451\u043b &#8226; Smartandplay.com\",\"isPartOf\":{\"@id\":\"https:\/\/smartandplay.com\/ru\/#website\"},\"primaryImageOfPage\":{\"@id\":\"https:\/\/smartandplay.com\/ru\/product\/ezelis\/#primaryimage\"},\"image\":{\"@id\":\"https:\/\/smartandplay.com\/ru\/product\/ezelis\/#primaryimage\"},\"thumbnailUrl\":\"https:\/\/smartandplay.com\/wp-content\/uploads\/2025\/03\/SP249829.jpg\",\"datePublished\":\"2025-02-21T17:16:33+00:00\",\"dateModified\":\"2025-04-11T14:37:14+00:00\",\"breadcrumb\":{\"@id\":\"https:\/\/smartandplay.com\/ru\/product\/ezelis\/#breadcrumb\"},\"inLanguage\":\"ru-RU\",\"potentialAction\":[{\"@type\":\"ReadAction\",\"target\":[\"https:\/\/smartandplay.com\/ru\/product\/ezelis\/\"]}]},{\"@type\":\"ImageObject\",\"inLanguage\":\"ru-RU\",\"@id\":\"https:\/\/smartandplay.com\/ru\/product\/ezelis\/#primaryimage\",\"url\":\"https:\/\/smartandplay.com\/wp-content\/uploads\/2025\/03\/SP249829.jpg\",\"contentUrl\":\"https:\/\/smartandplay.com\/wp-content\/uploads\/2025\/03\/SP249829.jpg\",\"width\":1600,\"height\":1600},{\"@type\":\"BreadcrumbList\",\"@id\":\"https:\/\/smartandplay.com\/ru\/product\/ezelis\/#breadcrumb\",\"itemListElement\":[{\"@type\":\"ListItem\",\"position\":1,\"name\":\"\u0413\u043b\u0430\u0432\u043d\u0430\u044f\",\"item\":\"https:\/\/smartandplay.com\/ru\/\"},{\"@type\":\"ListItem\",\"position\":2,\"name\":\"\u041f\u0440\u043e\u0434\u0443\u043a\u0442\u044b\",\"item\":\"https:\/\/smartandplay.com\/produkti\/\"},{\"@type\":\"ListItem\",\"position\":3,\"name\":\"\u041e\u0441\u0451\u043b\"}]},{\"@type\":\"WebSite\",\"@id\":\"https:\/\/smartandplay.com\/ru\/#website\",\"url\":\"https:\/\/smartandplay.com\/ru\/\",\"name\":\"Smartandplay.com\",\"description\":\"Kvalitat\u012bvi Montesori materi\u0101li\",\"publisher\":{\"@id\":\"https:\/\/smartandplay.com\/ru\/#organization\"},\"potentialAction\":[{\"@type\":\"SearchAction\",\"target\":{\"@type\":\"EntryPoint\",\"urlTemplate\":\"https:\/\/smartandplay.com\/ru\/?s={search_term_string}\"},\"query-input\":{\"@type\":\"PropertyValueSpecification\",\"valueRequired\":true,\"valueName\":\"search_term_string\"}}],\"inLanguage\":\"ru-RU\"},{\"@type\":\"Organization\",\"@id\":\"https:\/\/smartandplay.com\/ru\/#organization\",\"name\":\"Smartandplay.com\",\"url\":\"https:\/\/smartandplay.com\/ru\/\",\"logo\":{\"@type\":\"ImageObject\",\"inLanguage\":\"ru-RU\",\"@id\":\"https:\/\/smartandplay.com\/ru\/#\/schema\/logo\/image\/\",\"url\":\"https:\/\/smartandplay.com\/wp-content\/uploads\/2025\/05\/SP-logo-on-white-150-x-69-px.svg\",\"contentUrl\":\"https:\/\/smartandplay.com\/wp-content\/uploads\/2025\/05\/SP-logo-on-white-150-x-69-px.svg\",\"caption\":\"Smartandplay.com\"},\"image\":{\"@id\":\"https:\/\/smartandplay.com\/ru\/#\/schema\/logo\/image\/\"},\"sameAs\":[\"https:\/\/www.facebook.com\/smartandplay\"]}]}<\/script>\n<!-- \/ Yoast SEO plugin. -->","yoast_head_json":{"title":"\u041e\u0441\u0451\u043b &#8226; Smartandplay.com","robots":{"index":"index","follow":"follow","max-snippet":"max-snippet:-1","max-image-preview":"max-image-preview:large","max-video-preview":"max-video-preview:-1"},"canonical":"https:\/\/smartandplay.com\/ru\/product\/ezelis\/","og_locale":"ru_RU","og_type":"article","og_title":"\u041e\u0441\u0451\u043b &#8226; Smartandplay.com","og_description":"Izm\u0113rs 10 x 7 cm.","og_url":"https:\/\/smartandplay.com\/ru\/product\/ezelis\/","og_site_name":"Smartandplay.com","article_publisher":"https:\/\/www.facebook.com\/smartandplay","article_modified_time":"2025-04-11T14:37:14+00:00","og_image":[{"width":1600,"height":1600,"url":"https:\/\/smartandplay.com\/wp-content\/uploads\/2025\/03\/SP249829.jpg","type":"image\/jpeg"}],"twitter_card":"summary_large_image","twitter_misc":{"\u041f\u0440\u0438\u043c\u0435\u0440\u043d\u043e\u0435 \u0432\u0440\u0435\u043c\u044f \u0434\u043b\u044f \u0447\u0442\u0435\u043d\u0438\u044f":"1 \u043c\u0438\u043d\u0443\u0442\u0430"},"schema":{"@context":"https:\/\/schema.org","@graph":[{"@type":"WebPage","@id":"https:\/\/smartandplay.com\/ru\/product\/ezelis\/","url":"https:\/\/smartandplay.com\/ru\/product\/ezelis\/","name":"\u041e\u0441\u0451\u043b &#8226; Smartandplay.com","isPartOf":{"@id":"https:\/\/smartandplay.com\/ru\/#website"},"primaryImageOfPage":{"@id":"https:\/\/smartandplay.com\/ru\/product\/ezelis\/#primaryimage"},"image":{"@id":"https:\/\/smartandplay.com\/ru\/product\/ezelis\/#primaryimage"},"thumbnailUrl":"https:\/\/smartandplay.com\/wp-content\/uploads\/2025\/03\/SP249829.jpg","datePublished":"2025-02-21T17:16:33+00:00","dateModified":"2025-04-11T14:37:14+00:00","breadcrumb":{"@id":"https:\/\/smartandplay.com\/ru\/product\/ezelis\/#breadcrumb"},"inLanguage":"ru-RU","potentialAction":[{"@type":"ReadAction","target":["https:\/\/smartandplay.com\/ru\/product\/ezelis\/"]}]},{"@type":"ImageObject","inLanguage":"ru-RU","@id":"https:\/\/smartandplay.com\/ru\/product\/ezelis\/#primaryimage","url":"https:\/\/smartandplay.com\/wp-content\/uploads\/2025\/03\/SP249829.jpg","contentUrl":"https:\/\/smartandplay.com\/wp-content\/uploads\/2025\/03\/SP249829.jpg","width":1600,"height":1600},{"@type":"BreadcrumbList","@id":"https:\/\/smartandplay.com\/ru\/product\/ezelis\/#breadcrumb","itemListElement":[{"@type":"ListItem","position":1,"name":"\u0413\u043b\u0430\u0432\u043d\u0430\u044f","item":"https:\/\/smartandplay.com\/ru\/"},{"@type":"ListItem","position":2,"name":"\u041f\u0440\u043e\u0434\u0443\u043a\u0442\u044b","item":"https:\/\/smartandplay.com\/produkti\/"},{"@type":"ListItem","position":3,"name":"\u041e\u0441\u0451\u043b"}]},{"@type":"WebSite","@id":"https:\/\/smartandplay.com\/ru\/#website","url":"https:\/\/smartandplay.com\/ru\/","name":"Smartandplay.com","description":"Kvalitat\u012bvi Montesori materi\u0101li","publisher":{"@id":"https:\/\/smartandplay.com\/ru\/#organization"},"potentialAction":[{"@type":"SearchAction","target":{"@type":"EntryPoint","urlTemplate":"https:\/\/smartandplay.com\/ru\/?s={search_term_string}"},"query-input":{"@type":"PropertyValueSpecification","valueRequired":true,"valueName":"search_term_string"}}],"inLanguage":"ru-RU"},{"@type":"Organization","@id":"https:\/\/smartandplay.com\/ru\/#organization","name":"Smartandplay.com","url":"https:\/\/smartandplay.com\/ru\/","logo":{"@type":"ImageObject","inLanguage":"ru-RU","@id":"https:\/\/smartandplay.com\/ru\/#\/schema\/logo\/image\/","url":"https:\/\/smartandplay.com\/wp-content\/uploads\/2025\/05\/SP-logo-on-white-150-x-69-px.svg","contentUrl":"https:\/\/smartandplay.com\/wp-content\/uploads\/2025\/05\/SP-logo-on-white-150-x-69-px.svg","caption":"Smartandplay.com"},"image":{"@id":"https:\/\/smartandplay.com\/ru\/#\/schema\/logo\/image\/"},"sameAs":["https:\/\/www.facebook.com\/smartandplay"]}]}},"_links":{"self":[{"href":"https:\/\/smartandplay.com\/ru\/wp-json\/wp\/v2\/product\/5247","targetHints":{"allow":["GET"]}}],"collection":[{"href":"https:\/\/smartandplay.com\/ru\/wp-json\/wp\/v2\/product"}],"about":[{"href":"https:\/\/smartandplay.com\/ru\/wp-json\/wp\/v2\/types\/product"}],"replies":[{"embeddable":true,"href":"https:\/\/smartandplay.com\/ru\/wp-json\/wp\/v2\/comments?post=5247"}],"wp:featuredmedia":[{"embeddable":true,"href":"https:\/\/smartandplay.com\/ru\/wp-json\/wp\/v2\/media\/3020"}],"wp:attachment":[{"href":"https:\/\/smartandplay.com\/ru\/wp-json\/wp\/v2\/media?parent=5247"}],"wp:term":[{"taxonomy":"product_brand","embeddable":true,"href":"https:\/\/smartandplay.com\/ru\/wp-json\/wp\/v2\/product_brand?post=5247"},{"taxonomy":"product_cat","embeddable":true,"href":"https:\/\/smartandplay.com\/ru\/wp-json\/wp\/v2\/product_cat?post=5247"},{"taxonomy":"product_tag","embeddable":true,"href":"https:\/\/smartandplay.com\/ru\/wp-json\/wp\/v2\/product_tag?post=5247"}],"curies":[{"name":"wp","href":"https:\/\/api.w.org\/{rel}","templated":true}]}}