{"id":5265,"date":"2025-02-21T19:16:32","date_gmt":"2025-02-21T17:16:32","guid":{"rendered":"http:\/\/smartandplay.com\/product\/aita\/"},"modified":"2025-10-31T18:06:49","modified_gmt":"2025-10-31T16:06:49","slug":"aita","status":"publish","type":"product","link":"https:\/\/smartandplay.com\/ru\/product\/aita\/","title":{"rendered":"\u041e\u0432\u0446\u0430"},"content":{"rendered":"<p><strong><strong>Vai J\u016bs zin\u0101j\u0101t, ka&#8230;<\/strong><br \/>\n<\/strong><\/p>\n<p><strong>M\u0101jas aita<\/strong> (Ovis aries) ir vid\u0113ja auguma aitu \u0123ints (Ovis) savva\u013cas aitas (Ovis orientalis) pasuga, kas pieder p\u0101rnad\u017eu k\u0101rtas (Ruminantia) dobrad\u017eu dzimtai (Bovidae). Cilv\u0113ks to ir pieradin\u0101jis, lai ieg\u016btu vilnu, ga\u013cu un pienu. M\u016bsdien\u0101s DNS p\u0113t\u012bjumi ir pier\u0101d\u012bju\u0161i, ka m\u0101jas aitai tie\u0161\u0101 radniec\u012bba ir tikai ar div\u0101m savva\u013cas aitu (Ovis orientalis) pasug\u0101m &#8211; \u0100zijas muflonu (Ovis orientalis orientalis) un Eiropas muflonu (Ovis orientalis musimon), turkl\u0101t iesp\u0113jams, ka Eiropas muflons ir ne tikai viens no m\u0101jas aitas priek\u0161te\u010diem, bet ar\u012b pirms vair\u0101kiem t\u016bksto\u0161iem gadu savva\u013c\u0101 s\u0101kusi dz\u012bvot m\u0101jas aita. Aitu t\u0113vi\u0146us sauc par <strong>te\u0137iem<\/strong>, bet kastr\u0113tus t\u0113vi\u0146us par <strong>auniem<\/strong> jeb <strong>aveniem<\/strong>, m\u0101t\u012btes par <strong>ait\u0101m<\/strong> un mazu\u013cus par <strong>j\u0113riem<\/strong>. M\u0101jas aitas ir visdaudzskaitl\u012bg\u0101k\u0101 aitu popul\u0101cija no vis\u0101m ait\u0101m, to skaits nedaudz p\u0101rsniedz miljardu. T\u0101s audz\u0113 vis\u0101 pasaul\u0113, un daudz\u0101m taut\u0101m v\u0113sturiski t\u0101 ir bijusi viena no galvenaj\u0101m nodarb\u0113m. M\u016bsdien\u0101s galven\u0101s aitkop\u012bbas zemes ir Austr\u0101lija, Jaunz\u0113lande, Dienvidamerika, Centr\u0101lamerika un Britu salas.<\/p>\n<p>Avots: wikipedia.org<\/p>\n","protected":false},"excerpt":{"rendered":"<p>Izm\u0113rs 7,5 x 6,5 cm.<\/p>\n","protected":false},"featured_media":3011,"comment_status":"open","ping_status":"closed","template":"","meta":{"_acf_changed":false},"product_brand":[],"product_cat":[81,83],"product_tag":[],"class_list":{"0":"post-5265","1":"product","2":"type-product","3":"status-publish","4":"has-post-thumbnail","6":"product_cat-safari-figurinas-ru","7":"product_cat-fermas-dzivnieki-ru","9":"first","10":"instock","11":"taxable","12":"shipping-taxable","13":"purchasable","14":"product-type-simple"},"acf":[],"yoast_head":"<!-- This site is optimized with the Yoast SEO plugin v26.5 - https:\/\/yoast.com\/wordpress\/plugins\/seo\/ -->\n<title>\u041e\u0432\u0446\u0430 &#8226; Smartandplay.com<\/title>\n<meta name=\"robots\" content=\"index, follow, max-snippet:-1, max-image-preview:large, max-video-preview:-1\" \/>\n<link rel=\"canonical\" href=\"https:\/\/smartandplay.com\/ru\/product\/aita\/\" \/>\n<meta property=\"og:locale\" content=\"ru_RU\" \/>\n<meta property=\"og:type\" content=\"article\" \/>\n<meta property=\"og:title\" content=\"\u041e\u0432\u0446\u0430 &#8226; Smartandplay.com\" \/>\n<meta property=\"og:description\" content=\"Izm\u0113rs 7,5 x 6,5 cm.\" \/>\n<meta property=\"og:url\" content=\"https:\/\/smartandplay.com\/ru\/product\/aita\/\" \/>\n<meta property=\"og:site_name\" content=\"Smartandplay.com\" \/>\n<meta property=\"article:publisher\" content=\"https:\/\/www.facebook.com\/smartandplay\" \/>\n<meta property=\"article:modified_time\" content=\"2025-10-31T16:06:49+00:00\" \/>\n<meta property=\"og:image\" content=\"https:\/\/smartandplay.com\/wp-content\/uploads\/2025\/03\/SP246129.jpg\" \/>\n\t<meta property=\"og:image:width\" content=\"1600\" \/>\n\t<meta property=\"og:image:height\" content=\"1600\" \/>\n\t<meta property=\"og:image:type\" content=\"image\/jpeg\" \/>\n<meta name=\"twitter:card\" content=\"summary_large_image\" \/>\n<meta name=\"twitter:label1\" content=\"\u041f\u0440\u0438\u043c\u0435\u0440\u043d\u043e\u0435 \u0432\u0440\u0435\u043c\u044f \u0434\u043b\u044f \u0447\u0442\u0435\u043d\u0438\u044f\" \/>\n\t<meta name=\"twitter:data1\" content=\"2 \u043c\u0438\u043d\u0443\u0442\u044b\" \/>\n<script type=\"application\/ld+json\" class=\"yoast-schema-graph\">{\"@context\":\"https:\/\/schema.org\",\"@graph\":[{\"@type\":\"WebPage\",\"@id\":\"https:\/\/smartandplay.com\/ru\/product\/aita\/\",\"url\":\"https:\/\/smartandplay.com\/ru\/product\/aita\/\",\"name\":\"\u041e\u0432\u0446\u0430 &#8226; Smartandplay.com\",\"isPartOf\":{\"@id\":\"https:\/\/smartandplay.com\/ru\/#website\"},\"primaryImageOfPage\":{\"@id\":\"https:\/\/smartandplay.com\/ru\/product\/aita\/#primaryimage\"},\"image\":{\"@id\":\"https:\/\/smartandplay.com\/ru\/product\/aita\/#primaryimage\"},\"thumbnailUrl\":\"https:\/\/smartandplay.com\/wp-content\/uploads\/2025\/03\/SP246129.jpg\",\"datePublished\":\"2025-02-21T17:16:32+00:00\",\"dateModified\":\"2025-10-31T16:06:49+00:00\",\"breadcrumb\":{\"@id\":\"https:\/\/smartandplay.com\/ru\/product\/aita\/#breadcrumb\"},\"inLanguage\":\"ru-RU\",\"potentialAction\":[{\"@type\":\"ReadAction\",\"target\":[\"https:\/\/smartandplay.com\/ru\/product\/aita\/\"]}]},{\"@type\":\"ImageObject\",\"inLanguage\":\"ru-RU\",\"@id\":\"https:\/\/smartandplay.com\/ru\/product\/aita\/#primaryimage\",\"url\":\"https:\/\/smartandplay.com\/wp-content\/uploads\/2025\/03\/SP246129.jpg\",\"contentUrl\":\"https:\/\/smartandplay.com\/wp-content\/uploads\/2025\/03\/SP246129.jpg\",\"width\":1600,\"height\":1600},{\"@type\":\"BreadcrumbList\",\"@id\":\"https:\/\/smartandplay.com\/ru\/product\/aita\/#breadcrumb\",\"itemListElement\":[{\"@type\":\"ListItem\",\"position\":1,\"name\":\"\u0413\u043b\u0430\u0432\u043d\u0430\u044f\",\"item\":\"https:\/\/smartandplay.com\/ru\/\"},{\"@type\":\"ListItem\",\"position\":2,\"name\":\"\u041f\u0440\u043e\u0434\u0443\u043a\u0442\u044b\",\"item\":\"https:\/\/smartandplay.com\/produkti\/\"},{\"@type\":\"ListItem\",\"position\":3,\"name\":\"\u041e\u0432\u0446\u0430\"}]},{\"@type\":\"WebSite\",\"@id\":\"https:\/\/smartandplay.com\/ru\/#website\",\"url\":\"https:\/\/smartandplay.com\/ru\/\",\"name\":\"Smartandplay.com\",\"description\":\"Kvalitat\u012bvi Montesori materi\u0101li\",\"publisher\":{\"@id\":\"https:\/\/smartandplay.com\/ru\/#organization\"},\"potentialAction\":[{\"@type\":\"SearchAction\",\"target\":{\"@type\":\"EntryPoint\",\"urlTemplate\":\"https:\/\/smartandplay.com\/ru\/?s={search_term_string}\"},\"query-input\":{\"@type\":\"PropertyValueSpecification\",\"valueRequired\":true,\"valueName\":\"search_term_string\"}}],\"inLanguage\":\"ru-RU\"},{\"@type\":\"Organization\",\"@id\":\"https:\/\/smartandplay.com\/ru\/#organization\",\"name\":\"Smartandplay.com\",\"url\":\"https:\/\/smartandplay.com\/ru\/\",\"logo\":{\"@type\":\"ImageObject\",\"inLanguage\":\"ru-RU\",\"@id\":\"https:\/\/smartandplay.com\/ru\/#\/schema\/logo\/image\/\",\"url\":\"https:\/\/smartandplay.com\/wp-content\/uploads\/2025\/05\/SP-logo-on-white-150-x-69-px.svg\",\"contentUrl\":\"https:\/\/smartandplay.com\/wp-content\/uploads\/2025\/05\/SP-logo-on-white-150-x-69-px.svg\",\"caption\":\"Smartandplay.com\"},\"image\":{\"@id\":\"https:\/\/smartandplay.com\/ru\/#\/schema\/logo\/image\/\"},\"sameAs\":[\"https:\/\/www.facebook.com\/smartandplay\"]}]}<\/script>\n<!-- \/ Yoast SEO plugin. -->","yoast_head_json":{"title":"\u041e\u0432\u0446\u0430 &#8226; Smartandplay.com","robots":{"index":"index","follow":"follow","max-snippet":"max-snippet:-1","max-image-preview":"max-image-preview:large","max-video-preview":"max-video-preview:-1"},"canonical":"https:\/\/smartandplay.com\/ru\/product\/aita\/","og_locale":"ru_RU","og_type":"article","og_title":"\u041e\u0432\u0446\u0430 &#8226; Smartandplay.com","og_description":"Izm\u0113rs 7,5 x 6,5 cm.","og_url":"https:\/\/smartandplay.com\/ru\/product\/aita\/","og_site_name":"Smartandplay.com","article_publisher":"https:\/\/www.facebook.com\/smartandplay","article_modified_time":"2025-10-31T16:06:49+00:00","og_image":[{"width":1600,"height":1600,"url":"https:\/\/smartandplay.com\/wp-content\/uploads\/2025\/03\/SP246129.jpg","type":"image\/jpeg"}],"twitter_card":"summary_large_image","twitter_misc":{"\u041f\u0440\u0438\u043c\u0435\u0440\u043d\u043e\u0435 \u0432\u0440\u0435\u043c\u044f \u0434\u043b\u044f \u0447\u0442\u0435\u043d\u0438\u044f":"2 \u043c\u0438\u043d\u0443\u0442\u044b"},"schema":{"@context":"https:\/\/schema.org","@graph":[{"@type":"WebPage","@id":"https:\/\/smartandplay.com\/ru\/product\/aita\/","url":"https:\/\/smartandplay.com\/ru\/product\/aita\/","name":"\u041e\u0432\u0446\u0430 &#8226; Smartandplay.com","isPartOf":{"@id":"https:\/\/smartandplay.com\/ru\/#website"},"primaryImageOfPage":{"@id":"https:\/\/smartandplay.com\/ru\/product\/aita\/#primaryimage"},"image":{"@id":"https:\/\/smartandplay.com\/ru\/product\/aita\/#primaryimage"},"thumbnailUrl":"https:\/\/smartandplay.com\/wp-content\/uploads\/2025\/03\/SP246129.jpg","datePublished":"2025-02-21T17:16:32+00:00","dateModified":"2025-10-31T16:06:49+00:00","breadcrumb":{"@id":"https:\/\/smartandplay.com\/ru\/product\/aita\/#breadcrumb"},"inLanguage":"ru-RU","potentialAction":[{"@type":"ReadAction","target":["https:\/\/smartandplay.com\/ru\/product\/aita\/"]}]},{"@type":"ImageObject","inLanguage":"ru-RU","@id":"https:\/\/smartandplay.com\/ru\/product\/aita\/#primaryimage","url":"https:\/\/smartandplay.com\/wp-content\/uploads\/2025\/03\/SP246129.jpg","contentUrl":"https:\/\/smartandplay.com\/wp-content\/uploads\/2025\/03\/SP246129.jpg","width":1600,"height":1600},{"@type":"BreadcrumbList","@id":"https:\/\/smartandplay.com\/ru\/product\/aita\/#breadcrumb","itemListElement":[{"@type":"ListItem","position":1,"name":"\u0413\u043b\u0430\u0432\u043d\u0430\u044f","item":"https:\/\/smartandplay.com\/ru\/"},{"@type":"ListItem","position":2,"name":"\u041f\u0440\u043e\u0434\u0443\u043a\u0442\u044b","item":"https:\/\/smartandplay.com\/produkti\/"},{"@type":"ListItem","position":3,"name":"\u041e\u0432\u0446\u0430"}]},{"@type":"WebSite","@id":"https:\/\/smartandplay.com\/ru\/#website","url":"https:\/\/smartandplay.com\/ru\/","name":"Smartandplay.com","description":"Kvalitat\u012bvi Montesori materi\u0101li","publisher":{"@id":"https:\/\/smartandplay.com\/ru\/#organization"},"potentialAction":[{"@type":"SearchAction","target":{"@type":"EntryPoint","urlTemplate":"https:\/\/smartandplay.com\/ru\/?s={search_term_string}"},"query-input":{"@type":"PropertyValueSpecification","valueRequired":true,"valueName":"search_term_string"}}],"inLanguage":"ru-RU"},{"@type":"Organization","@id":"https:\/\/smartandplay.com\/ru\/#organization","name":"Smartandplay.com","url":"https:\/\/smartandplay.com\/ru\/","logo":{"@type":"ImageObject","inLanguage":"ru-RU","@id":"https:\/\/smartandplay.com\/ru\/#\/schema\/logo\/image\/","url":"https:\/\/smartandplay.com\/wp-content\/uploads\/2025\/05\/SP-logo-on-white-150-x-69-px.svg","contentUrl":"https:\/\/smartandplay.com\/wp-content\/uploads\/2025\/05\/SP-logo-on-white-150-x-69-px.svg","caption":"Smartandplay.com"},"image":{"@id":"https:\/\/smartandplay.com\/ru\/#\/schema\/logo\/image\/"},"sameAs":["https:\/\/www.facebook.com\/smartandplay"]}]}},"_links":{"self":[{"href":"https:\/\/smartandplay.com\/ru\/wp-json\/wp\/v2\/product\/5265","targetHints":{"allow":["GET"]}}],"collection":[{"href":"https:\/\/smartandplay.com\/ru\/wp-json\/wp\/v2\/product"}],"about":[{"href":"https:\/\/smartandplay.com\/ru\/wp-json\/wp\/v2\/types\/product"}],"replies":[{"embeddable":true,"href":"https:\/\/smartandplay.com\/ru\/wp-json\/wp\/v2\/comments?post=5265"}],"wp:featuredmedia":[{"embeddable":true,"href":"https:\/\/smartandplay.com\/ru\/wp-json\/wp\/v2\/media\/3011"}],"wp:attachment":[{"href":"https:\/\/smartandplay.com\/ru\/wp-json\/wp\/v2\/media?parent=5265"}],"wp:term":[{"taxonomy":"product_brand","embeddable":true,"href":"https:\/\/smartandplay.com\/ru\/wp-json\/wp\/v2\/product_brand?post=5265"},{"taxonomy":"product_cat","embeddable":true,"href":"https:\/\/smartandplay.com\/ru\/wp-json\/wp\/v2\/product_cat?post=5265"},{"taxonomy":"product_tag","embeddable":true,"href":"https:\/\/smartandplay.com\/ru\/wp-json\/wp\/v2\/product_tag?post=5265"}],"curies":[{"name":"wp","href":"https:\/\/api.w.org\/{rel}","templated":true}]}}